{"id":60,"date":"2014-04-18T07:18:07","date_gmt":"2014-04-18T07:18:07","guid":{"rendered":"https:\/\/solopine.com\/willowxml\/?page_id=60"},"modified":"2018-11-18T15:15:08","modified_gmt":"2018-11-18T14:15:08","slug":"one-page","status":"publish","type":"page","link":"https:\/\/papua-new-guinea-fixer.com\/fr\/","title":{"rendered":"Papouasie Nouvelle Guin\u00e9e Fixeur"},"content":{"rendered":"<p>[vc_row css=\u00a0\u00bb.vc_custom_1442347417955{padding-top: 20px !important;}\u00a0\u00bb id=\u00a0\u00bbabout\u00a0\u00bb][vc_column][vc_willow_section_heading large_heading=\u00a0\u00bbPAPOUASIE-NOUVELLE-GUIN\u00c9E FIXEUR\u00a0\u00bb small_heading=\u00a0\u00bb\u00c0 propos\u00a0\u00bb][\/vc_column][\/vc_row][vc_row css=\u00a0\u00bb.vc_custom_1442347427513{padding-top: 20px !important;padding-bottom: 80px !important;}\u00a0\u00bb font_color=\u00a0\u00bb#333333&Prime;][vc_column][vc_column_text]<strong>Papouasie-Nouvelle-Guin\u00e9e Fixeur<\/strong>\u00a0accompagne vos projets de documentaires, de reportages et d\u2019exp\u00e9ditions en Papouasie-Nouvelle-Guin\u00e9e.<\/p>\n<p>Depuis plus de 20 ans, Papouasie-Nouvelle-Guin\u00e9e Fixeur assure la logistique\u00a0de tournages internationaux pour <strong>Netflix, National Geographic, la BBC, CNN, Discovery Channel, Canal+, Arte, France 5, TF1, TV5 Monde\u2026<\/strong>\u00a0Du conseil \u00e9ditorial en amont\u00a0\u00e0 l&rsquo;organisation logistique sur le terrain\u00a0jusqu&rsquo;\u00e0\u00a0la finalisation en post-production, nous mettons\u00a0<span class=\"Apple-style-span\"><span class=\"Apple-style-span\">notre connaissance du terrain au service des projets\u00a0les plus ambitieux.<\/span><\/span>[\/vc_column_text][vc_single_image image=\u00a0\u00bb1027&Prime; img_size=\u00a0\u00bbfull\u00a0\u00bb alignment=\u00a0\u00bbcenter\u00a0\u00bb][\/vc_column][\/vc_row][vc_row full_width=\u00a0\u00bbstretch_row_content_no_spaces\u00a0\u00bb parallax=\u00a0\u00bbtrue\u00a0\u00bb bg_image_repeat=\u00a0\u00bbcover\u00a0\u00bb bg_images=\u00a0\u00bb840&Prime; font_color=\u00a0\u00bb#ffffff\u00a0\u00bb css=\u00a0\u00bb.vc_custom_1453326051945{padding-top: 0px !important;padding-bottom: 30px !important;}\u00a0\u00bb id=\u00a0\u00bbprestation\u00a0\u00bb][vc_column][vc_willow_big_title title=\u00a0\u00bbPRESTATIONS\u00a0\u00bb][\/vc_column][\/vc_row][vc_row css=\u00a0\u00bb.vc_custom_1451389178965{margin-top: 50px !important;padding-top: 0px !important;padding-bottom: 110px !important;}\u00a0\u00bb][vc_column width=\u00a0\u00bb1\/4&Prime; css=\u00a0\u00bb.vc_custom_1451389288772{padding-bottom: 20px !important;}\u00a0\u00bb][vc_single_image image=\u00a0\u00bb979&Prime; img_size=\u00a0\u00bbfull\u00a0\u00bb css_animation=\u00a0\u00bbanimate_css animated fadeInUp\u00a0\u00bb css=\u00a0\u00bb.vc_custom_1452039066570{margin-bottom: 20px !important;}\u00a0\u00bb][vc_column_text css_animation=\u00a0\u00bbanimate_css animated fadeInUp\u00a0\u00bb]<\/p>\n<h4>PERMIS &amp; VISAS<\/h4>\n<p><span style=\"color: #444444;\"><span class=\"Apple-style-span\">Papouasie-Nouvelle-Guin\u00e9e Fixeur obtient pour vous les permis et les autorisations officielles ainsi que les visas n\u00e9cessaires aux tournages.<\/span><\/span>[\/vc_column_text][\/vc_column][vc_column width=\u00a0\u00bb1\/4&Prime;][vc_single_image image=\u00a0\u00bb861&Prime; img_size=\u00a0\u00bbfull\u00a0\u00bb css_animation=\u00a0\u00bbanimate_css animated fadeInUp\u00a0\u00bb css=\u00a0\u00bb.vc_custom_1443300078269{margin-bottom: 20px !important;}\u00a0\u00bb][vc_column_text css_animation=\u00a0\u00bbanimate_css animated fadeInUp\u00a0\u00bb css=\u00a0\u00bb.vc_custom_1542502768166{padding-bottom: 20px !important;}\u00a0\u00bb]<\/p>\n<h4>R\u00c9SERVATIONS A\u00c9RIENNES &amp; LOGISTIQUE<\/h4>\n<p>Papouasie-Nouvelle-Guin\u00e9e Fixeur assure l&rsquo;int\u00e9gralit\u00e9 des r\u00e9servations a\u00e9riennes et d\u2019h\u00e9bergement\u00a0ainsi que la logistique de terrain (D\u00e9placement,\u00a0constructions de camps, nourriture, s\u00e9curit\u00e9, fret\u2026).[\/vc_column_text][\/vc_column][vc_column width=\u00a0\u00bb1\/4&Prime;][vc_single_image image=\u00a0\u00bb862&Prime; img_size=\u00a0\u00bbfull\u00a0\u00bb css_animation=\u00a0\u00bbanimate_css animated fadeInUp\u00a0\u00bb css=\u00a0\u00bb.vc_custom_1451389933952{margin-bottom: 20px !important;}\u00a0\u00bb][vc_column_text css_animation=\u00a0\u00bbanimate_css animated fadeInUp\u00a0\u00bb css=\u00a0\u00bb.vc_custom_1451390506599{margin-bottom: 20px !important;}\u00a0\u00bb]<\/p>\n<h4>BUDGET &amp; DEVIS<\/h4>\n<p>En amont, nous \u00e9valuons le co\u00fbt de production en fonction du projet\u00a0pour\u00a0vous fournir\u00a0un devis pr\u00e9cis.[\/vc_column_text][\/vc_column][vc_column width=\u00a0\u00bb1\/4&Prime;][vc_single_image image=\u00a0\u00bb868&Prime; img_size=\u00a0\u00bbfull\u00a0\u00bb css_animation=\u00a0\u00bbanimate_css animated fadeInUp\u00a0\u00bb css=\u00a0\u00bb.vc_custom_1451382806870{margin-bottom: 20px !important;}\u00a0\u00bb][vc_column_text css_animation=\u00a0\u00bbanimate_css animated fadeInUp\u00a0\u00bb]<\/p>\n<h4>CONSEILS &amp; REP\u00c9RAGES<\/h4>\n<p>En amont, nous vous proposons des r\u00e9gions, des histoires et des sujets qui\u00a0correspondent \u00e0 vos besoins et \u00e0 votre budget. Si n\u00e9cessaire, nous r\u00e9alisons\u00a0des rep\u00e9rages.[\/vc_column_text][\/vc_column][\/vc_row][vc_row css=\u00a0\u00bb.vc_custom_1451389235012{margin-top: -80px !important;padding-top: 0px !important;padding-bottom: 40px !important;}\u00a0\u00bb][vc_column width=\u00a0\u00bb1\/4&Prime; css=\u00a0\u00bb.vc_custom_1451389374541{padding-bottom: 20px !important;}\u00a0\u00bb][vc_single_image image=\u00a0\u00bb863&Prime; img_size=\u00a0\u00bbfull\u00a0\u00bb css_animation=\u00a0\u00bbanimate_css animated fadeInUp\u00a0\u00bb css=\u00a0\u00bb.vc_custom_1443300106770{margin-bottom: 20px !important;}\u00a0\u00bb][vc_column_text css_animation=\u00a0\u00bbanimate_css animated fadeInUp\u00a0\u00bb]<\/p>\n<h4><span class=\"Apple-style-span\">LE BON PERSONNAGE !<\/span><\/h4>\n<p><span class=\"Apple-style-span\">En fonction de vos besoins, nous vous proposons des personnages charismatiques parmi\u00a0nos amis, nos connaissances\u00a0et nos relations. Nous r\u00e9alisons\u00a0\u00e9galement des\u00a0rep\u00e9rages si n\u00e9cessaire.<\/span><\/p>\n<p>[\/vc_column_text][\/vc_column][vc_column width=\u00a0\u00bb1\/4&Prime; css=\u00a0\u00bb.vc_custom_1451389382484{padding-bottom: 20px !important;}\u00a0\u00bb][vc_single_image image=\u00a0\u00bb864&Prime; img_size=\u00a0\u00bbfull\u00a0\u00bb css_animation=\u00a0\u00bbanimate_css animated fadeInUp\u00a0\u00bb css=\u00a0\u00bb.vc_custom_1443300160730{margin-bottom: 20px !important;}\u00a0\u00bb][vc_column_text css_animation=\u00a0\u00bbanimate_css animated fadeInUp\u00a0\u00bb]<\/p>\n<h4><span class=\"Apple-style-span\">TRADUCTION &amp; VOICE OVER<\/span><\/h4>\n<p><span class=\"Apple-style-span\">Nous assurerons traductions et interviews durant les tournages. En\u00a0post-production, que nous ayons ou non particip\u00e9 au\u00a0tournage, nous traduisons les rushs et finalisons la\u00a0transcription pour le montage final.<\/span>[\/vc_column_text][\/vc_column][vc_column width=\u00a0\u00bb1\/4&Prime; css=\u00a0\u00bb.vc_custom_1451389387872{padding-bottom: 20px !important;}\u00a0\u00bb][vc_single_image image=\u00a0\u00bb867&Prime; img_size=\u00a0\u00bbfull\u00a0\u00bb css_animation=\u00a0\u00bbanimate_css animated fadeInUp\u00a0\u00bb css=\u00a0\u00bb.vc_custom_1443300170130{margin-bottom: 20px !important;}\u00a0\u00bb][vc_column_text css_animation=\u00a0\u00bbanimate_css animated fadeInUp\u00a0\u00bb]<\/p>\n<h4>RELATIONS AVEC LES COMMUNAUT\u00c9S<\/h4>\n<div>Nous organisons et n\u00e9gocions avec les communaut\u00e9s locales film\u00e9es afin que le\u00a0tournage se passe dans les meilleures conditions possibles sans perturber l\u2019\u00e9quilibre\u00a0local.<\/div>\n<div><\/div>\n<p>[\/vc_column_text][\/vc_column][vc_column width=\u00a0\u00bb1\/4&Prime; css=\u00a0\u00bb.vc_custom_1451389395089{padding-bottom: 20px !important;}\u00a0\u00bb][vc_single_image image=\u00a0\u00bb865&Prime; img_size=\u00a0\u00bbfull\u00a0\u00bb css_animation=\u00a0\u00bbanimate_css animated fadeInUp\u00a0\u00bb css=\u00a0\u00bb.vc_custom_1451382895983{margin-bottom: 20px !important;}\u00a0\u00bb][vc_column_text css_animation=\u00a0\u00bbanimate_css animated fadeInUp\u00a0\u00bb]<\/p>\n<h4>S\u00c9CURIT\u00c9<\/h4>\n<p>Notre premi\u00e8re mission est d\u2019assurer la s\u00e9curit\u00e9 des \u00e9quipes et nous prenons toutes les mesures n\u00e9cessaires pour que les tournages se d\u00e9roulent dans des conditions de s\u00e9curit\u00e9 maximale.[\/vc_column_text][\/vc_column][\/vc_row][vc_row full_width=\u00a0\u00bbstretch_row_content_no_spaces\u00a0\u00bb parallax=\u00a0\u00bbtrue\u00a0\u00bb bg_image_repeat=\u00a0\u00bbcover\u00a0\u00bb bg_images=\u00a0\u00bb837&Prime; font_color=\u00a0\u00bb#ffffff\u00a0\u00bb css=\u00a0\u00bb.vc_custom_1443308881054{padding-top: 90px !important;padding-bottom: 130px !important;}\u00a0\u00bb id=\u00a0\u00bbvideo\u00a0\u00bb][vc_column][vc_willow_big_title title=\u00a0\u00bbVIDEOS\u00a0\u00bb][\/vc_column][\/vc_row][vc_row parallax=\u00a0\u00bb0&Prime; separator=\u00a0\u00bbtriangle-in\u00a0\u00bb css=\u00a0\u00bb.vc_custom_1398462903322{padding-top: 60px !important;padding-bottom: 110px !important;}\u00a0\u00bb][vc_column][vc_column_text]<\/p>\n<p style=\"text-align: center;\"><span class=\"Apple-style-span\"><strong>Voici quelques s\u00e9quences s\u00e9lectionn\u00e9es parmi les films\u00a0dont la\u00a0logistique a \u00e9t\u00e9 organis\u00e9e par Papouasie-Nouvelle-Guin\u00e9e Fixeur.\u00a0<\/strong><\/span><span class=\"Apple-style-span\"><strong>Cliquez sur les images ci-dessous pour d\u00e9couvrir chaque extrait.<\/strong><br \/>\n<\/span><\/p>\n<p>[\/vc_column_text][vc_willow_portfolio_grid count=\u00a0\u00bb-1&Prime; columns=\u00a0\u00bb4&Prime; css_animation=\u00a0\u00bbanimate_css animated fadeIn\u00a0\u00bb][\/vc_column][\/vc_row][vc_row full_width=\u00a0\u00bbstretch_row_content_no_spaces\u00a0\u00bb parallax=\u00a0\u00bbtrue\u00a0\u00bb bg_image_repeat=\u00a0\u00bbcover\u00a0\u00bb bg_images=\u00a0\u00bb898&Prime; font_color=\u00a0\u00bb#ffffff\u00a0\u00bb css=\u00a0\u00bb.vc_custom_1443308353761{margin-top: -90px !important;padding-top: 40px !important;padding-bottom: 40px !important;}\u00a0\u00bb id=\u00a0\u00bbequipe\u00a0\u00bb][vc_column][vc_willow_big_title title=\u00a0\u00bbL&rsquo;EQUIPE\u00a0\u00bb][\/vc_column][\/vc_row][vc_row css=\u00a0\u00bb.vc_custom_1451390322224{padding-top: 20px !important;padding-bottom: 75px !important;}\u00a0\u00bb][vc_column width=\u00a0\u00bb1\/2&Prime; css=\u00a0\u00bb.vc_custom_1451390404134{margin-bottom: -30px !important;}\u00a0\u00bb][vc_willow_team_member_block name=\u00a0\u00bbMarc Dozier\u00a0\u00bb socmed=\u00a0\u00bbfacebook:https:\/\/www.facebook.com\/marc.dozier.7<br \/>\ntwitter:https:\/\/twitter.com\/doziermarc<br \/>\ninstagram: https:\/\/instagram.com\/marcdozier<br \/>\nvimeo:https:\/\/vimeo.com\/marcdozier\u00a0\u00bb css_animation=\u00a0\u00bbanimate_css animated fadeInLeftBig\u00a0\u00bb photo=\u00a0\u00bb886&Prime; position=\u00a0\u00bbR\u00e9alisateur, photographe\u00a0\u00bb]<span class=\"Apple-style-span\">Photographe et r\u00e9alisateur de film,\u00a0<strong>Marc Dozier<\/strong>\u00a0explore la Papouasie-Nouvelle-Guin\u00e9e depuis plus de vingt\u00a0ans et a une connaissance pr\u00e9cise des besoins logistiques n\u00e9cessaires \u00e0 la r\u00e9alisation d\u2019un film ou d\u2019un reportage. Pour en d\u00e9couvrir plus : <a href=\"https:\/\/fr.marcdozier.com\">www.marcdozier.com<\/a><\/span>[\/vc_willow_team_member_block][\/vc_column][vc_column width=\u00a0\u00bb1\/2&Prime;][vc_willow_team_member_block name=\u00a0\u00bbPhilippe Gigliotti\u00a0\u00bb socmed=\u00a0\u00bbfacebook:https:\/\/www.facebook.com\/VoyagesenPapouasie\/\u00a0\u00bb css_animation=\u00a0\u00bbanimate_css animated fadeInRightBig\u00a0\u00bb position=\u00a0\u00bbLogisticien\u00a0\u00bb photo=\u00a0\u00bb882&Prime;]<\/p>\n<p>Logisticien et organisateur de voyages depuis plus d&rsquo;une vingtaine\u00a0d&rsquo;ann\u00e9es,\u00a0<strong>Philippe Gigliotti<\/strong>\u00a0a une excellente connaissance des rotations a\u00e9riennes, des capacit\u00e9s d\u2019h\u00e9bergement et de la logistique indispensable pour chacune des diff\u00e9rentes r\u00e9gions papoues. Pour en d\u00e9couvrir plus : <a href=\"https:\/\/www.voyagesenpapouasie.com\">www.voyagesenpapouasie.com<\/a><\/p>\n<p>[\/vc_willow_team_member_block][\/vc_column][\/vc_row][vc_row full_width=\u00a0\u00bbstretch_row_content_no_spaces\u00a0\u00bb parallax=\u00a0\u00bbtrue\u00a0\u00bb bg_image_repeat=\u00a0\u00bbcover\u00a0\u00bb bg_overlay=\u00a0\u00bbblack-overlay\u00a0\u00bb css=\u00a0\u00bb.vc_custom_1442437672560{margin-top: -90px !important;padding-top: 20px !important;padding-bottom: 20px !important;background-color: #b7b7b7 !important;background-position: 0 0;background-repeat: repeat !important;}\u00a0\u00bb font_color=\u00a0\u00bb#ffffff\u00a0\u00bb gmap_marker=\u00a0\u00bbtrue\u00a0\u00bb][vc_column][vc_willow_quotes_carousel auto_rotate=\u00a0\u00bb6000&Prime;][vc_willow_quote cite=\u00a0\u00bbMarc Epstein &#8211; L&rsquo;Express\u00a0\u00bb]<\/p>\n<p>\u00ab\u00a0<strong>Fixeur :<\/strong>\u00a0Le mot vient du verbe anglais<em>\u00a0to fix<\/em>\u00a0&#8211; arranger, organiser. Et c&rsquo;est leur t\u00e2che, pr\u00e9cis\u00e9ment.\u00a0\u00bb<\/p>\n<p>[\/vc_willow_quote][\/vc_willow_quotes_carousel][\/vc_column][\/vc_row][vc_row parallax=\u00a0\u00bb0&Prime; css=\u00a0\u00bb.vc_custom_1398463201780{padding-top: 110px !important;padding-bottom: 60px !important;background-color: #f3f3f3 !important;}\u00a0\u00bb][vc_column][vc_row_inner css=\u00a0\u00bb.vc_custom_1442362442040{margin-top: -70px !important;}\u00a0\u00bb][vc_column_inner][vc_willow_section_heading css_animation=\u00a0\u00bbanimate_css animated fadeInUp\u00a0\u00bb large_heading=\u00a0\u00bb\u00c0 SAVOIR\u00a0\u00bb small_heading=\u00a0\u00bbLes conseils de Papouasie-Nouvelle-Guin\u00e9e Fixeur aux r\u00e9alisateurs et producteurs\u00a0\u00bb][\/vc_column_inner][\/vc_row_inner][\/vc_column][\/vc_row][vc_row css=\u00a0\u00bb.vc_custom_1442439113429{margin-top: -70px !important;padding-bottom: 100px !important;background-color: #f3f3f3 !important;}\u00a0\u00bb][vc_column][vc_row_inner][vc_column_inner][vc_willow_blog_grid count=\u00a0\u00bb-1&Prime; columns=\u00a0\u00bb4&Prime; css_animation=\u00a0\u00bbanimate_css animated fadeInUp\u00a0\u00bb][\/vc_column_inner][\/vc_row_inner][\/vc_column][\/vc_row][vc_row full_width=\u00a0\u00bbstretch_row_content_no_spaces\u00a0\u00bb parallax=\u00a0\u00bbtrue\u00a0\u00bb bg_image_repeat=\u00a0\u00bbcover\u00a0\u00bb bg_images=\u00a0\u00bb832&Prime; font_color=\u00a0\u00bb#ffffff\u00a0\u00bb css=\u00a0\u00bb.vc_custom_1443299202459{padding-top: 70px !important;padding-bottom: 70px !important;}\u00a0\u00bb id=\u00a0\u00bbcontact\u00a0\u00bb][vc_column][vc_willow_big_title title=\u00a0\u00bbCONTACTS\u00a0\u00bb][\/vc_column][\/vc_row]<\/p>\n","protected":false},"excerpt":{"rendered":"<p>[vc_row css=\u00a0\u00bb.vc_custom_1442347417955{padding-top: 20px !important;}\u00a0\u00bb id=\u00a0\u00bbabout\u00a0\u00bb][vc_column][vc_willow_section_heading large_heading=\u00a0\u00bbPAPOUASIE-NOUVELLE-GUIN\u00c9E FIXEUR\u00a0\u00bb small_heading=\u00a0\u00bb\u00c0 propos\u00a0\u00bb][\/vc_column][\/vc_row][vc_row css=\u00a0\u00bb.vc_custom_1442347427513{padding-top: 20px !important;padding-bottom: 80px !important;}\u00a0\u00bb font_color=\u00a0\u00bb#333333&Prime;][vc_column][vc_column_text]Papouasie-Nouvelle-Guin\u00e9e Fixeur\u00a0accompagne vos projets de documentaires, de reportages et d\u2019exp\u00e9ditions en Papouasie-Nouvelle-Guin\u00e9e. Depuis plus de 20 ans, Papouasie-Nouvelle-Guin\u00e9e Fixeur assure la logistique\u00a0de tournages internationaux pour Netflix, National Geographic, la BBC, CNN, Discovery Channel, Canal+, Arte, France 5, TF1, TV5 Monde\u2026\u00a0Du conseil&hellip;<\/p>\n<a href=\"https:\/\/papua-new-guinea-fixer.com\/fr\/\"> Lire la suite...<\/a>","protected":false},"author":1,"featured_media":0,"parent":0,"menu_order":0,"comment_status":"closed","ping_status":"closed","template":"page-template-one-page.php","meta":[],"_links":{"self":[{"href":"https:\/\/papua-new-guinea-fixer.com\/fr\/wp-json\/wp\/v2\/pages\/60"}],"collection":[{"href":"https:\/\/papua-new-guinea-fixer.com\/fr\/wp-json\/wp\/v2\/pages"}],"about":[{"href":"https:\/\/papua-new-guinea-fixer.com\/fr\/wp-json\/wp\/v2\/types\/page"}],"author":[{"embeddable":true,"href":"https:\/\/papua-new-guinea-fixer.com\/fr\/wp-json\/wp\/v2\/users\/1"}],"replies":[{"embeddable":true,"href":"https:\/\/papua-new-guinea-fixer.com\/fr\/wp-json\/wp\/v2\/comments?post=60"}],"version-history":[{"count":221,"href":"https:\/\/papua-new-guinea-fixer.com\/fr\/wp-json\/wp\/v2\/pages\/60\/revisions"}],"predecessor-version":[{"id":1075,"href":"https:\/\/papua-new-guinea-fixer.com\/fr\/wp-json\/wp\/v2\/pages\/60\/revisions\/1075"}],"wp:attachment":[{"href":"https:\/\/papua-new-guinea-fixer.com\/fr\/wp-json\/wp\/v2\/media?parent=60"}],"curies":[{"name":"wp","href":"https:\/\/api.w.org\/{rel}","templated":true}]}}